{"id":285,"date":"2026-03-05T14:41:35","date_gmt":"2026-03-05T17:41:35","guid":{"rendered":"https:\/\/asociacioncivilestarsiendo.com.ar\/?page_id=285"},"modified":"2026-03-05T14:45:47","modified_gmt":"2026-03-05T17:45:47","slug":"quienes-somos","status":"publish","type":"page","link":"https:\/\/asociacioncivilestarsiendo.com.ar\/?page_id=285","title":{"rendered":"Quienes somos?"},"content":{"rendered":"\t\t<div data-elementor-type=\"wp-page\" data-elementor-id=\"285\" class=\"elementor elementor-285\">\n\t\t\t\t<div class=\"elementor-element elementor-element-74969caa e-flex e-con-boxed e-con e-parent\" data-id=\"74969caa\" data-element_type=\"container\" data-e-type=\"container\">\n\t\t\t\t\t<div class=\"e-con-inner\">\n\t\t\t\t<div class=\"elementor-element elementor-element-37d3c6da elementor-widget elementor-widget-text-editor\" data-id=\"37d3c6da\" data-element_type=\"widget\" data-e-type=\"widget\" data-widget_type=\"text-editor.default\">\n\t\t\t\t<div class=\"elementor-widget-container\">\n\t\t\t\t\t\t\t\t\t\n<p><\/p>\n\n\n\n<p><\/p>\n\t\t\t\t\t\t\t\t<\/div>\n\t\t\t\t<\/div>\n\t\t\t\t\t<\/div>\n\t\t\t\t<\/div>\n\t\t<div class=\"elementor-element elementor-element-04ca828 e-flex e-con-boxed e-con e-parent\" data-id=\"04ca828\" data-element_type=\"container\" data-e-type=\"container\">\n\t\t\t\t\t<div class=\"e-con-inner\">\n\t\t\t\t<div class=\"elementor-element elementor-element-e4ed6fb elementor-widget elementor-widget-image\" data-id=\"e4ed6fb\" data-element_type=\"widget\" data-e-type=\"widget\" data-widget_type=\"image.default\">\n\t\t\t\t<div class=\"elementor-widget-container\">\n\t\t\t\t\t\t\t\t\t\t\t\t\t\t\t<img fetchpriority=\"high\" decoding=\"async\" width=\"768\" height=\"354\" src=\"https:\/\/asociacioncivilestarsiendo.com.ar\/wp-content\/uploads\/2024\/06\/WhatsApp-Image-2022-10-21-at-18.50.53-1-768x354.jpeg\" class=\"attachment-medium_large size-medium_large wp-image-52\" alt=\"\" srcset=\"https:\/\/asociacioncivilestarsiendo.com.ar\/wp-content\/uploads\/2024\/06\/WhatsApp-Image-2022-10-21-at-18.50.53-1-768x354.jpeg 768w, https:\/\/asociacioncivilestarsiendo.com.ar\/wp-content\/uploads\/2024\/06\/WhatsApp-Image-2022-10-21-at-18.50.53-1-300x138.jpeg 300w, https:\/\/asociacioncivilestarsiendo.com.ar\/wp-content\/uploads\/2024\/06\/WhatsApp-Image-2022-10-21-at-18.50.53-1-1024x473.jpeg 1024w, https:\/\/asociacioncivilestarsiendo.com.ar\/wp-content\/uploads\/2024\/06\/WhatsApp-Image-2022-10-21-at-18.50.53-1-360x166.jpeg 360w, https:\/\/asociacioncivilestarsiendo.com.ar\/wp-content\/uploads\/2024\/06\/WhatsApp-Image-2022-10-21-at-18.50.53-1.jpeg 1040w\" sizes=\"(max-width: 768px) 100vw, 768px\" \/>\t\t\t\t\t\t\t\t\t\t\t\t\t\t\t<\/div>\n\t\t\t\t<\/div>\n\t\t\t\t\t<\/div>\n\t\t\t\t<\/div>\n\t\t<div class=\"elementor-element elementor-element-fb5fd29 e-flex e-con-boxed e-con e-parent\" data-id=\"fb5fd29\" data-element_type=\"container\" data-e-type=\"container\">\n\t\t\t\t\t<div class=\"e-con-inner\">\n\t\t\t\t<div class=\"elementor-element elementor-element-11cd5e9 elementor-widget elementor-widget-text-editor\" data-id=\"11cd5e9\" data-element_type=\"widget\" data-e-type=\"widget\" data-widget_type=\"text-editor.default\">\n\t\t\t\t<div class=\"elementor-widget-container\">\n\t\t\t\t\t\t\t\t\t<p>La Asociaci\u00f3n Civil Estar Siendo se constituye en una Casa Cultural en la localidad de Pueblo Esther, cuyo objeto de la entidad es estimular, organizar y fomentar acciones tendientes a promover la conciencia social y el compromiso por los derechos humanos en la comunidad. Teniendo como fin el desarrollo integral de las personas, el desarrollo sostenido de las infancias saludables y la integraci\u00f3n de j\u00f3venes y adultos. La construcci\u00f3n de ciudadan\u00eda y promoci\u00f3n de los derechos y obligaciones de los ciudadanos.<\/p>\n<p>Para el cumplimiento del objeto social, la entidad realiza cursos, talleres y seminarios integrados a proyectos con entidades p\u00fablicas y privadas; realiza trabajos de difusi\u00f3n en el espacio privado o p\u00fablico.<\/p>\n<blockquote>\n<p>&#8211; Desarrolla espacios de participaci\u00f3n y expresi\u00f3n cultural.<\/p>\n<p>&#8211; Realiza tareas de estad\u00edstica y acopio para conformar bases de datos objetivas.<\/p>\n<p>&#8211; Impulsa la inclusi\u00f3n educativa, cultural, ambiental y sanitaria de j\u00f3venes y adultos.<\/p>\n<p>&#8211; Provee bienes culturales de acceso p\u00fablico.<\/p>\n<p>&#8211; Fortalece la inclusi\u00f3n del juego, el arte y el deporte como derechos ciudadanos.<\/p>\n<p>&#8211; Fomenta el debate horizontal incluyendo las voces de todas y todos.<\/p>\n<p>&#8211; Trabaja en la construcci\u00f3n, promoci\u00f3n y respeto por el espacio p\u00fablico, difundiendo la convivencia pac\u00edfica para las asociadas y asociados.<\/p>\n<\/blockquote>\t\t\t\t\t\t\t\t<\/div>\n\t\t\t\t<\/div>\n\t\t\t\t\t<\/div>\n\t\t\t\t<\/div>\n\t\t\t\t<\/div>\n\t\t","protected":false},"excerpt":{"rendered":"<p>La Asociaci\u00f3n Civil Estar Siendo se constituye en una Casa Cultural en la localidad de Pueblo Esther, cuyo objeto de la entidad es estimular, organizar y fomentar acciones tendientes a promover la conciencia social y el compromiso por los derechos humanos en la comunidad. Teniendo como fin el desarrollo integral <a href=\"https:\/\/asociacioncivilestarsiendo.com.ar\/?page_id=285\" class=\"read-more\">Leer m\u00e1s&#8230;<\/a><\/p>\n","protected":false},"author":1,"featured_media":0,"parent":0,"menu_order":0,"comment_status":"closed","ping_status":"closed","template":"","meta":{"footnotes":""},"class_list":["post-285","page","type-page","status-publish","hentry"],"_links":{"self":[{"href":"https:\/\/asociacioncivilestarsiendo.com.ar\/index.php?rest_route=\/wp\/v2\/pages\/285","targetHints":{"allow":["GET"]}}],"collection":[{"href":"https:\/\/asociacioncivilestarsiendo.com.ar\/index.php?rest_route=\/wp\/v2\/pages"}],"about":[{"href":"https:\/\/asociacioncivilestarsiendo.com.ar\/index.php?rest_route=\/wp\/v2\/types\/page"}],"author":[{"embeddable":true,"href":"https:\/\/asociacioncivilestarsiendo.com.ar\/index.php?rest_route=\/wp\/v2\/users\/1"}],"replies":[{"embeddable":true,"href":"https:\/\/asociacioncivilestarsiendo.com.ar\/index.php?rest_route=%2Fwp%2Fv2%2Fcomments&post=285"}],"version-history":[{"count":7,"href":"https:\/\/asociacioncivilestarsiendo.com.ar\/index.php?rest_route=\/wp\/v2\/pages\/285\/revisions"}],"predecessor-version":[{"id":292,"href":"https:\/\/asociacioncivilestarsiendo.com.ar\/index.php?rest_route=\/wp\/v2\/pages\/285\/revisions\/292"}],"wp:attachment":[{"href":"https:\/\/asociacioncivilestarsiendo.com.ar\/index.php?rest_route=%2Fwp%2Fv2%2Fmedia&parent=285"}],"curies":[{"name":"wp","href":"https:\/\/api.w.org\/{rel}","templated":true}]}}